{"id":136,"date":"2019-10-29T14:44:32","date_gmt":"2019-10-29T13:44:32","guid":{"rendered":"https:\/\/testsite.lambrecht-vs.de\/?page_id=136"},"modified":"2021-07-06T12:33:54","modified_gmt":"2021-07-06T10:33:54","slug":"assemblies-2","status":"publish","type":"page","link":"https:\/\/www.lambrecht-vs.de\/en\/baugruppen\/","title":{"rendered":"Assemblies"},"content":{"rendered":"<p>[et_pb_section fb_built=&#8220;1&#8243; fullwidth=&#8220;on&#8220; _builder_version=&#8220;4.0.4&#8243; background_enable_image=&#8220;off&#8220;][et_pb_fullwidth_header title=&#8220;Baugruppen&#8220; background_overlay_color=&#8220;rgba(46,65,111,0.64)&#8220; _builder_version=&#8220;4.2.1&#8243; title_text_align=&#8220;left&#8220; title_font_size=&#8220;77px&#8220; background_image=&#8220;https:\/\/testsite.lambrecht-vs.de\/wp-content\/uploads\/2019\/11\/DSC_0003.jpg&#8220; custom_padding=&#8220;160px||160px||false|false&#8220; title_font_size_tablet=&#8220;&#8220; title_font_size_phone=&#8220;56px&#8220; title_font_size_last_edited=&#8220;on|phone&#8220;][\/et_pb_fullwidth_header][\/et_pb_section][et_pb_section fb_built=&#8220;1&#8243; _builder_version=&#8220;4.0.4&#8243; background_color=&#8220;#ededed&#8220; custom_padding=&#8220;7px||12px||false|false&#8220;][et_pb_row column_structure=&#8220;1_3,2_3&#8243; admin_label=&#8220;About&#8220; _builder_version=&#8220;4.0.4&#8243; background_size=&#8220;initial&#8220; background_position=&#8220;top_left&#8220; background_repeat=&#8220;repeat&#8220; use_custom_width=&#8220;on&#8220; custom_width_px=&#8220;900px&#8220;][et_pb_column type=&#8220;1_3&#8243; _builder_version=&#8220;3.25&#8243; custom_padding=&#8220;|||&#8220; custom_padding__hover=&#8220;|||&#8220;][et_pb_text admin_label=&#8220;About Section Title&#8220; _builder_version=&#8220;4.0.4&#8243; text_text_color=&#8220;#2e416f&#8220; text_font_size=&#8220;24px&#8220; text_line_height=&#8220;1.2em&#8220; header_font_size=&#8220;60px&#8220; background_size=&#8220;initial&#8220; background_position=&#8220;top_left&#8220; background_repeat=&#8220;repeat&#8220;]<\/p>\n<p>Lambrecht steht f\u00fcr h\u00f6chste Qualit\u00e4tsanspr\u00fcche.<\/p>\n<p>[\/et_pb_text][\/et_pb_column][et_pb_column type=&#8220;2_3&#8243; _builder_version=&#8220;3.25&#8243; custom_padding=&#8220;|||&#8220; custom_padding__hover=&#8220;|||&#8220;][et_pb_text admin_label=&#8220;About Section Text&#8220; _builder_version=&#8220;4.2.1&#8243; text_font=&#8220;||||||||&#8220; text_font_size=&#8220;16px&#8220; text_line_height=&#8220;1.9em&#8220; background_size=&#8220;initial&#8220; background_position=&#8220;top_left&#8220; background_repeat=&#8220;repeat&#8220;]<\/p>\n<p><span>Wir liefern alles aus einer Hand: vom Einzelteil bis zum einbaufertig montierten Produkt.\u00a0<\/span><span>Gerade die Zusammenf\u00fchrung unterschiedlichster Teile und Materialien zu einer Einheit ist unsere St\u00e4rke. Selbstverst\u00e4ndlich REACH + RoHS konform und frei von 3TG- Konfliktmaterialien.\u00a0<\/span><\/p>\n<p>[\/et_pb_text][\/et_pb_column][\/et_pb_row][\/et_pb_section][et_pb_section fb_built=&#8220;1&#8243; admin_label=&#8220;Services&#8220; _builder_version=&#8220;3.22&#8243; custom_padding=&#8220;80px||80px|||&#8220;][et_pb_row column_structure=&#8220;1_3,1_3,1_3&#8243; _builder_version=&#8220;4.0.4&#8243; background_size=&#8220;initial&#8220; background_position=&#8220;top_left&#8220; background_repeat=&#8220;repeat&#8220; custom_padding=&#8220;0px|||||&#8220;][et_pb_column type=&#8220;1_3&#8243; _builder_version=&#8220;3.25&#8243; background_position=&#8220;top_left&#8220; custom_padding=&#8220;|||&#8220; custom_padding__hover=&#8220;|||&#8220;][et_pb_blurb title=&#8220;Auslegung und Beschaffung&#8220; image=&#8220;https:\/\/testsite.lambrecht-vs.de\/wp-content\/uploads\/2019\/11\/Stiftplatte_01.jpg&#8220; admin_label=&#8220;Service 01&#8243; _builder_version=&#8220;4.0.4&#8243; header_level=&#8220;h3&#8243; header_text_align=&#8220;left&#8220; header_text_color=&#8220;#2e416f&#8220; header_font_size=&#8220;23px&#8220; header_line_height=&#8220;1.8em&#8220; body_text_align=&#8220;left&#8220; body_font_size=&#8220;16px&#8220; body_line_height=&#8220;1.9em&#8220; background_size=&#8220;initial&#8220; background_position=&#8220;top_left&#8220; background_repeat=&#8220;repeat&#8220; animation_direction=&#8220;bottom&#8220; animation=&#8220;off&#8220; custom_css_blurb_image=&#8220;margin-bottom: 20px&#8220; icon_color__hover_enabled=&#8220;on|hover&#8220; icon_color__hover=&#8220;#ec5d1c&#8220; header_text_color__hover_enabled=&#8220;off|desktop&#8220; header_text_color__hover=&#8220;#ec5d1c&#8220;]<\/p>\n<p><span>Kundenspezifische Einzelteile wie:<\/span><\/p>\n<ul>\n<li><span>Dreh-, Stanz- und Biegeteile<\/span><\/li>\n<li><span>Leiterplatten (inkl. Layout)<\/span><\/li>\n<li><span>Zukaufteile wie Mikroschalter und Halbleiterelemente<\/span><\/li>\n<\/ul>\n<p>[\/et_pb_blurb][\/et_pb_column][et_pb_column type=&#8220;1_3&#8243; _builder_version=&#8220;3.25&#8243; background_position=&#8220;top_left&#8220; custom_padding=&#8220;|||&#8220; custom_padding__hover=&#8220;|||&#8220;][et_pb_blurb title=&#8220;Herstellen der Baugruppen&#8220; image=&#8220;https:\/\/testsite.lambrecht-vs.de\/wp-content\/uploads\/2019\/11\/Stiftplatte_02-1.jpg&#8220; admin_label=&#8220;Service 01&#8243; _builder_version=&#8220;4.2.1&#8243; header_level=&#8220;h3&#8243; header_text_align=&#8220;left&#8220; header_text_color=&#8220;#2e416f&#8220; header_font_size=&#8220;23px&#8220; header_line_height=&#8220;1.8em&#8220; body_text_align=&#8220;left&#8220; body_font_size=&#8220;16px&#8220; body_line_height=&#8220;1.9em&#8220; background_size=&#8220;initial&#8220; background_position=&#8220;top_left&#8220; background_repeat=&#8220;repeat&#8220; animation_direction=&#8220;bottom&#8220; animation=&#8220;off&#8220; custom_css_blurb_image=&#8220;margin-bottom: 20px&#8220; icon_color__hover_enabled=&#8220;on|hover&#8220; icon_color__hover=&#8220;#ec5d1c&#8220; header_text_color__hover_enabled=&#8220;off|desktop&#8220; header_text_color__hover=&#8220;#ec5d1c&#8220;]<\/p>\n<ul>\n<li><span>Umspritzen von Komponenten\u00a0<\/span><\/li>\n<li><span>2-Komponenten Spritzguss<\/span><\/li>\n<li><span>Best\u00fccken, montieren und verl\u00f6ten\u00a0<\/span><\/li>\n<\/ul>\n<p>[\/et_pb_blurb][\/et_pb_column][et_pb_column type=&#8220;1_3&#8243; _builder_version=&#8220;3.25&#8243; background_position=&#8220;top_left&#8220; custom_padding=&#8220;|||&#8220; custom_padding__hover=&#8220;|||&#8220;][et_pb_blurb title=&#8220;Qualit\u00e4tssicherung und Logistik&#8220; image=&#8220;https:\/\/testsite.lambrecht-vs.de\/wp-content\/uploads\/2019\/11\/Stecker_01-1.jpg&#8220; admin_label=&#8220;Service 01&#8243; _builder_version=&#8220;4.2.1&#8243; header_level=&#8220;h3&#8243; header_text_align=&#8220;left&#8220; header_text_color=&#8220;#2e416f&#8220; header_font_size=&#8220;23px&#8220; header_line_height=&#8220;1.8em&#8220; body_text_align=&#8220;left&#8220; body_font_size=&#8220;16px&#8220; body_line_height=&#8220;1.9em&#8220; background_size=&#8220;initial&#8220; background_position=&#8220;top_left&#8220; background_repeat=&#8220;repeat&#8220; animation_direction=&#8220;bottom&#8220; animation=&#8220;off&#8220; custom_css_blurb_image=&#8220;margin-bottom: 20px&#8220; icon_color__hover_enabled=&#8220;on|hover&#8220; icon_color__hover=&#8220;#ec5d1c&#8220; header_text_color__hover_enabled=&#8220;off|desktop&#8220; header_text_color__hover=&#8220;#ec5d1c&#8220;]<\/p>\n<p><span>Bei Lambrecht hat die Sicherung\u00a0der Produkt- und Lieferqualit\u00e4t oberste Priorit\u00e4t. Laufende Prozess\u00fcberwachung (SPC) und moderne Lieferketten (KANBAN\/Konsignationslager)\u00a0gew\u00e4hrleisten das reibungslose Ineinandergreifen von Produktion und Logistik.<\/span><\/p>\n<p>[\/et_pb_blurb][\/et_pb_column][\/et_pb_row][\/et_pb_section]<\/p>\n","protected":false},"excerpt":{"rendered":"<p>Lambrecht steht f\u00fcr h\u00f6chste Qualit\u00e4tsanspr\u00fcche.Wir liefern alles aus einer Hand: vom Einzelteil bis zum einbaufertig montierten Produkt.\u00a0Gerade die Zusammenf\u00fchrung unterschiedlichster Teile und Materialien zu einer Einheit ist unsere St\u00e4rke. Selbstverst\u00e4ndlich REACH + RoHS konform und frei von 3TG- Konfliktmaterialien.\u00a0Kundenspezifische Einzelteile wie: Dreh-, Stanz- und Biegeteile Leiterplatten (inkl. Layout) Zukaufteile wie Mikroschalter und Halbleiterelemente Umspritzen von [&hellip;]<\/p>\n","protected":false},"author":5,"featured_media":0,"parent":0,"menu_order":0,"comment_status":"closed","ping_status":"closed","template":"","meta":{"_et_pb_use_builder":"on","_et_pb_old_content":"<!-- wp:divi\/placeholder \/-->","_et_gb_content_width":"","iawp_total_views":489,"footnotes":""},"class_list":["post-136","page","type-page","status-publish","hentry"],"_links":{"self":[{"href":"https:\/\/www.lambrecht-vs.de\/en\/wp-json\/wp\/v2\/pages\/136","targetHints":{"allow":["GET"]}}],"collection":[{"href":"https:\/\/www.lambrecht-vs.de\/en\/wp-json\/wp\/v2\/pages"}],"about":[{"href":"https:\/\/www.lambrecht-vs.de\/en\/wp-json\/wp\/v2\/types\/page"}],"author":[{"embeddable":true,"href":"https:\/\/www.lambrecht-vs.de\/en\/wp-json\/wp\/v2\/users\/5"}],"replies":[{"embeddable":true,"href":"https:\/\/www.lambrecht-vs.de\/en\/wp-json\/wp\/v2\/comments?post=136"}],"version-history":[{"count":5,"href":"https:\/\/www.lambrecht-vs.de\/en\/wp-json\/wp\/v2\/pages\/136\/revisions"}],"predecessor-version":[{"id":2181,"href":"https:\/\/www.lambrecht-vs.de\/en\/wp-json\/wp\/v2\/pages\/136\/revisions\/2181"}],"wp:attachment":[{"href":"https:\/\/www.lambrecht-vs.de\/en\/wp-json\/wp\/v2\/media?parent=136"}],"curies":[{"name":"wp","href":"https:\/\/api.w.org\/{rel}","templated":true}]}}