{"id":138,"date":"2019-10-29T14:45:20","date_gmt":"2019-10-29T13:45:20","guid":{"rendered":"https:\/\/testsite.lambrecht-vs.de\/?page_id=138"},"modified":"2024-10-15T23:21:16","modified_gmt":"2024-10-15T21:21:16","slug":"design-development-2","status":"publish","type":"page","link":"https:\/\/www.lambrecht-vs.de\/en\/design-entwicklung\/","title":{"rendered":"Design &amp; Development"},"content":{"rendered":"<p>[et_pb_section fb_built=&#8220;1&#8243; fullwidth=&#8220;on&#8220; _builder_version=&#8220;4.16&#8243; background_enable_image=&#8220;off&#8220; global_colors_info=&#8220;{}&#8220;][et_pb_fullwidth_header title=&#8220;Konstruktion &#038; Entwicklung&#8220; background_overlay_color=&#8220;rgba(46,65,111,0.64)&#8220; _builder_version=&#8220;4.16&#8243; title_text_align=&#8220;left&#8220; title_font_size=&#8220;77px&#8220; background_image=&#8220;https:\/\/testsite.lambrecht-vs.de\/wp-content\/uploads\/2020\/01\/Haeder-scaled.jpg&#8220; custom_padding=&#8220;160px||160px||false|false&#8220; title_font_size_tablet=&#8220;&#8220; title_font_size_phone=&#8220;56px&#8220; title_font_size_last_edited=&#8220;on|phone&#8220; global_colors_info=&#8220;{}&#8220;][\/et_pb_fullwidth_header][\/et_pb_section][et_pb_section fb_built=&#8220;1&#8243; _builder_version=&#8220;4.16&#8243; background_color=&#8220;#ededed&#8220; custom_padding=&#8220;7px||12px||false|false&#8220; global_colors_info=&#8220;{}&#8220;][et_pb_row column_structure=&#8220;1_3,2_3&#8243; admin_label=&#8220;About&#8220; _builder_version=&#8220;4.16&#8243; background_size=&#8220;initial&#8220; background_position=&#8220;top_left&#8220; background_repeat=&#8220;repeat&#8220; use_custom_width=&#8220;on&#8220; custom_width_px=&#8220;900px&#8220; global_colors_info=&#8220;{}&#8220;][et_pb_column type=&#8220;1_3&#8243; _builder_version=&#8220;4.16&#8243; custom_padding=&#8220;|||&#8220; global_colors_info=&#8220;{}&#8220; custom_padding__hover=&#8220;|||&#8220;][et_pb_text admin_label=&#8220;About Section Title&#8220; _builder_version=&#8220;4.16&#8243; text_text_color=&#8220;#2e416f&#8220; text_font_size=&#8220;24px&#8220; text_line_height=&#8220;1.2em&#8220; header_font_size=&#8220;60px&#8220; background_size=&#8220;initial&#8220; background_position=&#8220;top_left&#8220; background_repeat=&#8220;repeat&#8220; global_colors_info=&#8220;{}&#8220;]<\/p>\n<p>Lambrecht steht f\u00fcr h\u00f6chste Qualit\u00e4tsanspr\u00fcche.<\/p>\n<p>[\/et_pb_text][\/et_pb_column][et_pb_column type=&#8220;2_3&#8243; _builder_version=&#8220;4.16&#8243; custom_padding=&#8220;|||&#8220; global_colors_info=&#8220;{}&#8220; custom_padding__hover=&#8220;|||&#8220;][et_pb_text admin_label=&#8220;About Section Text&#8220; _builder_version=&#8220;4.16&#8243; text_font=&#8220;||||||||&#8220; text_font_size=&#8220;16px&#8220; text_line_height=&#8220;1.9em&#8220; background_size=&#8220;initial&#8220; background_position=&#8220;top_left&#8220; background_repeat=&#8220;repeat&#8220; global_colors_info=&#8220;{}&#8220;]<\/p>\n<p><span>Sie haben eine Produktidee.\u00a0<\/span><span>Wir\u00a0setzen\u00a0sie um!\u00a0<\/span><\/p>\n<p>[\/et_pb_text][\/et_pb_column][\/et_pb_row][\/et_pb_section][et_pb_section fb_built=&#8220;1&#8243; admin_label=&#8220;Services&#8220; _builder_version=&#8220;4.16&#8243; custom_padding=&#8220;80px||80px|||&#8220; global_colors_info=&#8220;{}&#8220;][et_pb_row column_structure=&#8220;1_3,1_3,1_3&#8243; _builder_version=&#8220;4.16&#8243; background_size=&#8220;initial&#8220; background_position=&#8220;top_left&#8220; background_repeat=&#8220;repeat&#8220; custom_padding=&#8220;0px|||||&#8220; global_colors_info=&#8220;{}&#8220;][et_pb_column type=&#8220;1_3&#8243; _builder_version=&#8220;4.16&#8243; background_position=&#8220;top_left&#8220; custom_padding=&#8220;|||&#8220; global_colors_info=&#8220;{}&#8220; custom_padding__hover=&#8220;|||&#8220;][et_pb_blurb title=&#8220;Konstruktion&#8220; image=&#8220;https:\/\/testsite.lambrecht-vs.de\/wp-content\/uploads\/2020\/01\/Konstruktion-scaled.jpg&#8220; content_max_width=&#8220;297px&#8220; admin_label=&#8220;Service 01&#8243; _builder_version=&#8220;4.16&#8243; header_level=&#8220;h3&#8243; header_text_align=&#8220;left&#8220; header_text_color=&#8220;#2e416f&#8220; header_font_size=&#8220;23px&#8220; header_line_height=&#8220;1.8em&#8220; body_text_align=&#8220;left&#8220; body_font_size=&#8220;16px&#8220; body_line_height=&#8220;1.9em&#8220; background_size=&#8220;initial&#8220; background_position=&#8220;top_left&#8220; background_repeat=&#8220;repeat&#8220; animation_direction=&#8220;bottom&#8220; animation=&#8220;off&#8220; custom_css_blurb_image=&#8220;margin-bottom: 20px&#8220; global_colors_info=&#8220;{}&#8220; icon_color__hover_enabled=&#8220;on|hover&#8220; icon_color__hover=&#8220;#ec5d1c&#8220; header_text_color__hover_enabled=&#8220;off|desktop&#8220; header_text_color__hover=&#8220;#ec5d1c&#8220;]<\/p>\n<p><span>Werkstoffgerechter Einsatz aller Komponenten wie:<\/span><br \/> <span><\/span><\/p>\n<ul>\n<li><span>Kunststoffspritzgussteile<\/span><\/li>\n<li><span>Metall- Einlegeteile (insert), gestanzt oder gedreht,<\/span><span>\u00a0beschichtet oder blank<\/span><\/li>\n<li><span>Leiterplatten<\/span><\/li>\n<li><span>Halbleiterbauelemente<\/span><\/li>\n<\/ul>\n<p>[\/et_pb_blurb][\/et_pb_column][et_pb_column type=&#8220;1_3&#8243; _builder_version=&#8220;4.16&#8243; background_position=&#8220;top_left&#8220; custom_padding=&#8220;|||&#8220; global_colors_info=&#8220;{}&#8220; custom_padding__hover=&#8220;|||&#8220;][et_pb_blurb title=&#8220;2D- und 3D-CAD&#8220; image=&#8220;https:\/\/testsite.lambrecht-vs.de\/wp-content\/uploads\/2020\/01\/Entwicklung.jpg&#8220; admin_label=&#8220;Service 01&#8243; _builder_version=&#8220;4.16&#8243; header_level=&#8220;h3&#8243; header_text_align=&#8220;left&#8220; header_text_color=&#8220;#2e416f&#8220; header_font_size=&#8220;23px&#8220; header_line_height=&#8220;1.8em&#8220; body_text_align=&#8220;left&#8220; body_font_size=&#8220;16px&#8220; body_line_height=&#8220;1.9em&#8220; background_size=&#8220;initial&#8220; background_position=&#8220;top_left&#8220; background_repeat=&#8220;repeat&#8220; animation_direction=&#8220;bottom&#8220; animation=&#8220;off&#8220; custom_css_blurb_image=&#8220;margin-bottom: 20px&#8220; global_colors_info=&#8220;{}&#8220; icon_color__hover_enabled=&#8220;on|hover&#8220; icon_color__hover=&#8220;#ec5d1c&#8220; header_text_color__hover_enabled=&#8220;off|desktop&#8220; header_text_color__hover=&#8220;#ec5d1c&#8220;]<\/p>\n<p><span>Werkstattgerechte CAD- Konstruktion aller notwendigen Werkzeuge und Vorrichtungen<\/span><br \/> <span>erstellen wir mit den Systemen:<\/span><\/p>\n<ul>\n<li><span>SolidWorks (3D- CAD)\u00a0<\/span><\/li>\n<li>CoCreate drafting (2D- CAD)<\/li>\n<li>SolidCam (CAM)<\/li>\n<li>CadMould simulation<\/li>\n<\/ul>\n<p>[\/et_pb_blurb][\/et_pb_column][et_pb_column type=&#8220;1_3&#8243; _builder_version=&#8220;4.16&#8243; background_position=&#8220;top_left&#8220; custom_padding=&#8220;|||&#8220; global_colors_info=&#8220;{}&#8220; custom_padding__hover=&#8220;|||&#8220;][et_pb_blurb title=&#8220;Prozessplanung&#8220; image=&#8220;https:\/\/testsite.lambrecht-vs.de\/wp-content\/uploads\/2020\/01\/Fertigungs_Grafik_.jpg&#8220; admin_label=&#8220;Service 01&#8243; _builder_version=&#8220;4.16&#8243; header_level=&#8220;h3&#8243; header_text_align=&#8220;left&#8220; header_text_color=&#8220;#2e416f&#8220; header_font_size=&#8220;23px&#8220; header_line_height=&#8220;1.8em&#8220; body_text_align=&#8220;left&#8220; body_font_size=&#8220;16px&#8220; body_line_height=&#8220;1.9em&#8220; background_size=&#8220;initial&#8220; background_position=&#8220;top_left&#8220; background_repeat=&#8220;repeat&#8220; animation_direction=&#8220;bottom&#8220; animation=&#8220;off&#8220; custom_css_blurb_image=&#8220;margin-bottom: 20px&#8220; global_colors_info=&#8220;{}&#8220; icon_color__hover_enabled=&#8220;on|hover&#8220; icon_color__hover=&#8220;#ec5d1c&#8220; header_text_color__hover_enabled=&#8220;off|desktop&#8220; header_text_color__hover=&#8220;#ec5d1c&#8220;]<\/p>\n<p><span>Definition und Planung aller notwendigen Prozesse\u00a0<\/span><span>auch \u00fcber den Spritzgie\u00dfprozess hinaus, wie z.B. die Produktmontage.<\/span><\/p>\n<p>[\/et_pb_blurb][\/et_pb_column][\/et_pb_row][\/et_pb_section]<\/p>\n","protected":false},"excerpt":{"rendered":"<p>Lambrecht steht f\u00fcr h\u00f6chste Qualit\u00e4tsanspr\u00fcche.Sie haben eine Produktidee.\u00a0Wir\u00a0setzen\u00a0sie um!\u00a0Werkstoffgerechter Einsatz aller Komponenten wie: Kunststoffspritzgussteile Metall- Einlegeteile (insert), gestanzt oder gedreht,\u00a0beschichtet oder blank Leiterplatten Halbleiterbauelemente Werkstattgerechte CAD- Konstruktion aller notwendigen Werkzeuge und Vorrichtungen erstellen wir mit den Systemen: SolidWorks (3D- CAD)\u00a0 CoCreate drafting (2D- CAD) SolidCam (CAM) CadMould simulation Definition und Planung aller notwendigen Prozesse\u00a0auch \u00fcber [&hellip;]<\/p>\n","protected":false},"author":5,"featured_media":0,"parent":0,"menu_order":0,"comment_status":"closed","ping_status":"closed","template":"","meta":{"_et_pb_use_builder":"on","_et_pb_old_content":"<!-- wp:divi\/placeholder \/-->","_et_gb_content_width":"","iawp_total_views":374,"footnotes":""},"class_list":["post-138","page","type-page","status-publish","hentry"],"_links":{"self":[{"href":"https:\/\/www.lambrecht-vs.de\/en\/wp-json\/wp\/v2\/pages\/138","targetHints":{"allow":["GET"]}}],"collection":[{"href":"https:\/\/www.lambrecht-vs.de\/en\/wp-json\/wp\/v2\/pages"}],"about":[{"href":"https:\/\/www.lambrecht-vs.de\/en\/wp-json\/wp\/v2\/types\/page"}],"author":[{"embeddable":true,"href":"https:\/\/www.lambrecht-vs.de\/en\/wp-json\/wp\/v2\/users\/5"}],"replies":[{"embeddable":true,"href":"https:\/\/www.lambrecht-vs.de\/en\/wp-json\/wp\/v2\/comments?post=138"}],"version-history":[{"count":5,"href":"https:\/\/www.lambrecht-vs.de\/en\/wp-json\/wp\/v2\/pages\/138\/revisions"}],"predecessor-version":[{"id":2483,"href":"https:\/\/www.lambrecht-vs.de\/en\/wp-json\/wp\/v2\/pages\/138\/revisions\/2483"}],"wp:attachment":[{"href":"https:\/\/www.lambrecht-vs.de\/en\/wp-json\/wp\/v2\/media?parent=138"}],"curies":[{"name":"wp","href":"https:\/\/api.w.org\/{rel}","templated":true}]}}