{"id":142,"date":"2019-10-29T14:45:53","date_gmt":"2019-10-29T13:45:53","guid":{"rendered":"https:\/\/testsite.lambrecht-vs.de\/?page_id=142"},"modified":"2025-04-11T14:41:27","modified_gmt":"2025-04-11T12:41:27","slug":"products","status":"publish","type":"page","link":"https:\/\/www.lambrecht-vs.de\/en\/produkte\/","title":{"rendered":"Products"},"content":{"rendered":"<p>[et_pb_section fb_built=&#8220;1&#8243; fullwidth=&#8220;on&#8220; _builder_version=&#8220;4.16&#8243; background_enable_image=&#8220;off&#8220; global_colors_info=&#8220;{}&#8220;][et_pb_fullwidth_header title=&#8220;Lambrecht Produkte&#8220; background_overlay_color=&#8220;rgba(46,65,111,0.64)&#8220; _builder_version=&#8220;4.16&#8243; title_text_align=&#8220;left&#8220; title_font_size=&#8220;77px&#8220; background_image=&#8220;https:\/\/testsite.lambrecht-vs.de\/wp-content\/uploads\/2019\/11\/DSC06407.jpg&#8220; custom_padding=&#8220;160px||160px||false|false&#8220; title_font_size_tablet=&#8220;&#8220; title_font_size_phone=&#8220;56px&#8220; title_font_size_last_edited=&#8220;on|phone&#8220; global_colors_info=&#8220;{}&#8220;][\/et_pb_fullwidth_header][\/et_pb_section][et_pb_section fb_built=&#8220;1&#8243; _builder_version=&#8220;4.16&#8243; background_color=&#8220;#ededed&#8220; custom_padding=&#8220;7px||12px||false|false&#8220; global_colors_info=&#8220;{}&#8220;][et_pb_row column_structure=&#8220;1_3,2_3&#8243; admin_label=&#8220;About&#8220; _builder_version=&#8220;4.16&#8243; background_size=&#8220;initial&#8220; background_position=&#8220;top_left&#8220; background_repeat=&#8220;repeat&#8220; use_custom_width=&#8220;on&#8220; custom_width_px=&#8220;900px&#8220; global_colors_info=&#8220;{}&#8220;][et_pb_column type=&#8220;1_3&#8243; _builder_version=&#8220;4.16&#8243; custom_padding=&#8220;|||&#8220; global_colors_info=&#8220;{}&#8220; custom_padding__hover=&#8220;|||&#8220;][et_pb_text admin_label=&#8220;About Section Title&#8220; _builder_version=&#8220;4.16&#8243; text_text_color=&#8220;#2e416f&#8220; text_font_size=&#8220;24px&#8220; text_line_height=&#8220;1.2em&#8220; header_font_size=&#8220;60px&#8220; background_size=&#8220;initial&#8220; background_position=&#8220;top_left&#8220; background_repeat=&#8220;repeat&#8220; global_colors_info=&#8220;{}&#8220;]<\/p>\n<p>Lambrecht steht f\u00fcr h\u00f6chste Qualit\u00e4tsanspr\u00fcche.<\/p>\n<p>[\/et_pb_text][\/et_pb_column][et_pb_column type=&#8220;2_3&#8243; _builder_version=&#8220;4.16&#8243; custom_padding=&#8220;|||&#8220; global_colors_info=&#8220;{}&#8220; custom_padding__hover=&#8220;|||&#8220;][et_pb_text admin_label=&#8220;About Section Text&#8220; _builder_version=&#8220;4.16&#8243; text_font=&#8220;||||||||&#8220; text_font_size=&#8220;16px&#8220; text_line_height=&#8220;1.9em&#8220; background_size=&#8220;initial&#8220; background_position=&#8220;top_left&#8220; background_repeat=&#8220;repeat&#8220; global_colors_info=&#8220;{}&#8220;]<\/p>\n<p><span>Unsere Produkte prompt ab Lager!\u00a0<\/span><span>Seit\u00a0\u00fcber 55 Jahren bedienen wir unsere Kunden in der Schreibger\u00e4teindustrie weltweit. Wir sind Spezialisten f\u00fcr\u00a0<\/span><span>die Zulieferung von Minenrohren und passenden Stopfen und produzieren nach internationalem Standard. Dadurch garantieren wir Ihnen h\u00f6chste Qualit\u00e4t und Verf\u00fcgbarkeit &#8211; jederzeit.<\/span><\/p>\n<p>[\/et_pb_text][\/et_pb_column][\/et_pb_row][\/et_pb_section][et_pb_section fb_built=&#8220;1&#8243; admin_label=&#8220;Services&#8220; _builder_version=&#8220;4.16&#8243; custom_padding=&#8220;80px||80px|||&#8220; global_colors_info=&#8220;{}&#8220;][et_pb_row column_structure=&#8220;1_2,1_2&#8243; _builder_version=&#8220;4.16&#8243; global_colors_info=&#8220;{}&#8220;][et_pb_column type=&#8220;1_2&#8243; _builder_version=&#8220;4.16&#8243; global_colors_info=&#8220;{}&#8220;][et_pb_text _builder_version=&#8220;4.16&#8243; custom_margin=&#8220;||10px|||&#8220; global_colors_info=&#8220;{}&#8220;]<\/p>\n<h2>G2 \u2013 Kunststoff- Minenrohre<\/h2>\n<p>[\/et_pb_text][et_pb_text _builder_version=&#8220;4.25.1&#8243; text_font=&#8220;|800|||||||&#8220; text_text_color=&#8220;#ec5d1c&#8220; global_colors_info=&#8220;{}&#8220;]<\/p>\n<p><span>Neu: aus 95% Recyclingmaterial<\/span><\/p>\n<p>[\/et_pb_text][et_pb_text _builder_version=&#8220;4.16&#8243; custom_margin=&#8220;-19px|||||&#8220; global_colors_info=&#8220;{}&#8220;]<\/p>\n<ul>\n<li>Weitere Farben: wei\u00df, schwarz, transparent<\/li>\n<li>Sonderfarben nach Kundenwunsch m\u00f6glich<\/li>\n<li>Das G2-Rohr entspricht ma\u00dflich der Norm\u00a0<\/li>\n<li>Stopfen in der jeweils passenden Farbe zu den Rohren erh\u00e4ltlich<\/li>\n<\/ul>\n<p>[\/et_pb_text][et_pb_code _builder_version=&#8220;4.25.1&#8243; hover_enabled=&#8220;0&#8243; global_colors_info=&#8220;{}&#8220; sticky_enabled=&#8220;0&#8243;][\/et_pb_code][et_pb_button button_url=&#8220;mailto:info@lambrecht-vs.de&#8220; button_text=&#8220;Anfrage per Mail&#8220; button_alignment=&#8220;center&#8220; disabled_on=&#8220;on|on|on&#8220; _builder_version=&#8220;4.16&#8243; custom_button=&#8220;on&#8220; button_text_size=&#8220;16px&#8220; button_text_color=&#8220;#ffffff&#8220; button_bg_color=&#8220;#ec5d1c&#8220; button_border_width=&#8220;2px&#8220; button_border_color=&#8220;#ec5d1c&#8220; button_border_radius=&#8220;100px&#8220; button_letter_spacing=&#8220;2&#8243; button_use_icon=&#8220;off&#8220; custom_margin=&#8220;2px|||||&#8220; disabled=&#8220;on&#8220; global_colors_info=&#8220;{}&#8220; button_text_color__hover=&#8220;#ededed&#8220; button_text_color__hover_enabled=&#8220;on|hover&#8220; button_bg_color__hover=&#8220;#6d93d5&#8243; button_bg_color__hover_enabled=&#8220;on&#8220; button_border_color__hover=&#8220;#6d93d5&#8243; button_border_color__hover_enabled=&#8220;on&#8220; button_letter_spacing__hover=&#8220;2&#8243; button_letter_spacing__hover_enabled=&#8220;on&#8220;][\/et_pb_button][\/et_pb_column][et_pb_column type=&#8220;1_2&#8243; _builder_version=&#8220;4.16&#8243; global_colors_info=&#8220;{}&#8220;][et_pb_text _builder_version=&#8220;4.16&#8243; custom_margin=&#8220;||10px|||&#8220; global_colors_info=&#8220;{}&#8220;]<\/p>\n<h2>G2 \u2013 Stopfen<\/h2>\n<p>[\/et_pb_text][et_pb_text _builder_version=&#8220;4.25.1&#8243; text_font=&#8220;|800|||||||&#8220; text_text_color=&#8220;#ec5d1c&#8220; global_colors_info=&#8220;{}&#8220;]<\/p>\n<p><span>Neu: aus 95% Recyclingmaterial<\/span><\/p>\n<p>[\/et_pb_text][et_pb_text _builder_version=&#8220;4.16&#8243; custom_margin=&#8220;-19px|||||&#8220; global_colors_info=&#8220;{}&#8220;]<\/p>\n<ul>\n<li>Weitere Farben: wei\u00df, schwarz, blau, rot, gr\u00fcn<\/li>\n<li>Sonderfarben nach Kundenwunsch m\u00f6glich<\/li>\n<li>Passend zu allen Minenrohren erh\u00e4tlich<\/li>\n<li><strong>Auch f\u00fcr Metallminenrohr verf\u00fcgbar<\/strong><strong><\/strong><strong><\/strong><strong><\/strong><\/li>\n<\/ul>\n<p>[\/et_pb_text][et_pb_code _builder_version=&#8220;4.16&#8243; global_colors_info=&#8220;{}&#8220;][\/et_pb_code][et_pb_button button_url=&#8220;mailto:info@lambrecht-vs.de&#8220; button_text=&#8220;Anfrage per Mail&#8220; button_alignment=&#8220;right&#8220; _builder_version=&#8220;4.16&#8243; custom_button=&#8220;on&#8220; button_text_size=&#8220;16px&#8220; button_text_color=&#8220;#ffffff&#8220; button_bg_color=&#8220;#ec5d1c&#8220; button_border_width=&#8220;2px&#8220; button_border_color=&#8220;#ec5d1c&#8220; button_border_radius=&#8220;100px&#8220; button_letter_spacing=&#8220;2&#8243; button_use_icon=&#8220;off&#8220; custom_margin=&#8220;2px|||||&#8220; global_colors_info=&#8220;{}&#8220; button_text_color__hover=&#8220;#ededed&#8220; button_text_color__hover_enabled=&#8220;on|hover&#8220; button_bg_color__hover=&#8220;#6d93d5&#8243; button_bg_color__hover_enabled=&#8220;on&#8220; button_border_color__hover=&#8220;#6d93d5&#8243; button_border_color__hover_enabled=&#8220;on&#8220; button_letter_spacing__hover=&#8220;2&#8243; button_letter_spacing__hover_enabled=&#8220;on&#8220;][\/et_pb_button][\/et_pb_column][\/et_pb_row][et_pb_row _builder_version=&#8220;4.16&#8243; global_colors_info=&#8220;{}&#8220;][et_pb_column type=&#8220;4_4&#8243; _builder_version=&#8220;4.16&#8243; global_colors_info=&#8220;{}&#8220;][\/et_pb_column][\/et_pb_row][et_pb_row column_structure=&#8220;1_2,1_2&#8243; _builder_version=&#8220;4.16&#8243; global_colors_info=&#8220;{}&#8220;][et_pb_column type=&#8220;1_2&#8243; _builder_version=&#8220;4.16&#8243; global_colors_info=&#8220;{}&#8220;][et_pb_text _builder_version=&#8220;4.16&#8243; custom_margin=&#8220;||10px|||&#8220; global_colors_info=&#8220;{}&#8220;]<\/p>\n<h2>\u201cJumbo\u201d \u2013 Kunststoff- Minenrohre<\/h2>\n<p>[\/et_pb_text][et_pb_text _builder_version=&#8220;4.25.1&#8243; text_font=&#8220;|800|||||||&#8220; text_text_color=&#8220;#ec5d1c&#8220; global_colors_info=&#8220;{}&#8220;]<\/p>\n<p><span>Neu: aus 95% Recyclingmaterial<\/span><\/p>\n<p>[\/et_pb_text][et_pb_text _builder_version=&#8220;4.16&#8243; custom_margin=&#8220;-19px|||||&#8220; global_colors_info=&#8220;{}&#8220;]<\/p>\n<ul>\n<li>Weitere Farben: wei\u00df, schwarz<\/li>\n<li>Sonderfarben nach Kundenwunsch m\u00f6glich<\/li>\n<li>Stopfen in der jeweils passenden Farbe zu den Rohren erh\u00e4ltlich<\/li>\n<\/ul>\n<p>[\/et_pb_text][et_pb_code _builder_version=&#8220;4.16&#8243; global_colors_info=&#8220;{}&#8220;][\/et_pb_code][et_pb_button button_url=&#8220;mailto:info@lambrecht-vs.de&#8220; button_text=&#8220;Bestellung per Mail&#8220; button_alignment=&#8220;center&#8220; disabled_on=&#8220;on|on|on&#8220; _builder_version=&#8220;4.16&#8243; custom_button=&#8220;on&#8220; button_text_size=&#8220;16px&#8220; button_text_color=&#8220;#ffffff&#8220; button_bg_color=&#8220;#ec5d1c&#8220; button_border_width=&#8220;2px&#8220; button_border_color=&#8220;#ec5d1c&#8220; button_border_radius=&#8220;100px&#8220; button_letter_spacing=&#8220;2&#8243; button_use_icon=&#8220;off&#8220; custom_margin=&#8220;2px|||||&#8220; disabled=&#8220;on&#8220; global_colors_info=&#8220;{}&#8220; button_text_color__hover=&#8220;#ededed&#8220; button_text_color__hover_enabled=&#8220;on|hover&#8220; button_bg_color__hover=&#8220;#6d93d5&#8243; button_bg_color__hover_enabled=&#8220;on&#8220; button_border_color__hover=&#8220;#6d93d5&#8243; button_border_color__hover_enabled=&#8220;on&#8220; button_letter_spacing__hover=&#8220;2&#8243; button_letter_spacing__hover_enabled=&#8220;on&#8220;][\/et_pb_button][\/et_pb_column][et_pb_column type=&#8220;1_2&#8243; _builder_version=&#8220;4.16&#8243; global_colors_info=&#8220;{}&#8220;][et_pb_text _builder_version=&#8220;4.16&#8243; custom_margin=&#8220;||10px|||&#8220; global_colors_info=&#8220;{}&#8220;]<\/p>\n<h2>G1 \u2013 Stopfen<\/h2>\n<p>[\/et_pb_text][et_pb_text _builder_version=&#8220;4.25.1&#8243; text_font=&#8220;|800|||||||&#8220; text_text_color=&#8220;#ec5d1c&#8220; global_colors_info=&#8220;{}&#8220;]<\/p>\n<p><span>Neu: aus 95% Recyclingmaterial<\/span><\/p>\n<p>[\/et_pb_text][et_pb_text _builder_version=&#8220;4.16&#8243; custom_margin=&#8220;-19px|||||&#8220; global_colors_info=&#8220;{}&#8220;]<\/p>\n<ul>\n<li>Weitere Farben: wei\u00df, schwarz, blau, rot, gr\u00fcn<\/li>\n<li>Sonderfarben nach Kundenwunsch m\u00f6glich<\/li>\n<li><strong>Auch f\u00fcr Metallminenrohr verf\u00fcgbar<\/strong><\/li>\n<\/ul>\n<p>[\/et_pb_text][et_pb_code _builder_version=&#8220;4.16&#8243; global_colors_info=&#8220;{}&#8220;][\/et_pb_code][et_pb_button button_url=&#8220;mailto:info@lambrecht-vs.de&#8220; button_text=&#8220;Anfrage per Mail&#8220; button_alignment=&#8220;right&#8220; _builder_version=&#8220;4.16&#8243; custom_button=&#8220;on&#8220; button_text_size=&#8220;16px&#8220; button_text_color=&#8220;#ffffff&#8220; button_bg_color=&#8220;#ec5d1c&#8220; button_border_width=&#8220;2px&#8220; button_border_color=&#8220;#ec5d1c&#8220; button_border_radius=&#8220;100px&#8220; button_letter_spacing=&#8220;2&#8243; button_use_icon=&#8220;off&#8220; custom_margin=&#8220;2px|||||&#8220; global_colors_info=&#8220;{}&#8220; button_text_color__hover=&#8220;#ededed&#8220; button_text_color__hover_enabled=&#8220;on|hover&#8220; button_bg_color__hover=&#8220;#6d93d5&#8243; button_bg_color__hover_enabled=&#8220;on&#8220; button_border_color__hover=&#8220;#6d93d5&#8243; button_border_color__hover_enabled=&#8220;on&#8220; button_letter_spacing__hover=&#8220;2&#8243; button_letter_spacing__hover_enabled=&#8220;on&#8220;][\/et_pb_button][\/et_pb_column][\/et_pb_row][et_pb_row _builder_version=&#8220;4.16&#8243; global_colors_info=&#8220;{}&#8220;][et_pb_column type=&#8220;4_4&#8243; _builder_version=&#8220;4.16&#8243; global_colors_info=&#8220;{}&#8220;][\/et_pb_column][\/et_pb_row][et_pb_row column_structure=&#8220;1_2,1_2&#8243; _builder_version=&#8220;4.16&#8243; global_colors_info=&#8220;{}&#8220;][et_pb_column type=&#8220;1_2&#8243; _builder_version=&#8220;4.16&#8243; global_colors_info=&#8220;{}&#8220;][et_pb_image src=&#8220;https:\/\/testsite.lambrecht-vs.de\/wp-content\/uploads\/2020\/01\/Individueller_Formenbau.jpg&#8220; _builder_version=&#8220;4.16&#8243; global_colors_info=&#8220;{}&#8220;][\/et_pb_image][\/et_pb_column][et_pb_column type=&#8220;1_2&#8243; _builder_version=&#8220;4.16&#8243; global_colors_info=&#8220;{}&#8220;][et_pb_text _builder_version=&#8220;4.16&#8243; custom_margin=&#8220;||8px|||&#8220; global_colors_info=&#8220;{}&#8220;]<\/p>\n<h2>Individueller Formenbau<\/h2>\n<p>[\/et_pb_text][et_pb_text _builder_version=&#8220;4.16&#8243; text_text_color=&#8220;#ec5d1c&#8220; custom_margin=&#8220;||7px|||&#8220; global_colors_info=&#8220;{}&#8220;]<\/p>\n<p><strong>Details bekommen Sie auf Anfrage<\/strong><\/p>\n<p>[\/et_pb_text][et_pb_text _builder_version=&#8220;4.16&#8243; text_font_size=&#8220;16px&#8220; text_line_height=&#8220;1.9em&#8220; text_text_align=&#8220;left&#8220; global_colors_info=&#8220;{}&#8220;]<\/p>\n<p><span>Von der Norm abweichende Kundenw\u00fcnsche werden im hauseigenen\u00a0<\/span><a href=\"\/formenbau\"><span>Formenbau<\/span><\/a><span><a href=\"\/formenbau\">\u00a0<\/a>unb\u00fcrokratisch und schnell umgesetzt.<\/span><\/p>\n<p>[\/et_pb_text][et_pb_button button_url=&#8220;mailto:info@lambrecht-vs.de&#8220; button_text=&#8220;Anfrage per Mail&#8220; _builder_version=&#8220;4.16&#8243; custom_button=&#8220;on&#8220; button_text_size=&#8220;16px&#8220; button_text_color=&#8220;#ffffff&#8220; button_bg_color=&#8220;#ec5d1c&#8220; button_border_width=&#8220;2px&#8220; button_border_color=&#8220;#ec5d1c&#8220; button_border_radius=&#8220;100px&#8220; button_letter_spacing=&#8220;2&#8243; button_use_icon=&#8220;off&#8220; global_colors_info=&#8220;{}&#8220; button_text_color__hover=&#8220;#ededed&#8220; button_text_color__hover_enabled=&#8220;on|hover&#8220; button_bg_color__hover=&#8220;#6d93d5&#8243; button_bg_color__hover_enabled=&#8220;on&#8220; button_border_color__hover=&#8220;#6d93d5&#8243; button_border_color__hover_enabled=&#8220;on&#8220; button_letter_spacing__hover=&#8220;2&#8243; button_letter_spacing__hover_enabled=&#8220;on&#8220;][\/et_pb_button][\/et_pb_column][\/et_pb_row][\/et_pb_section]<\/p>\n","protected":false},"excerpt":{"rendered":"<p>Lambrecht steht f\u00fcr h\u00f6chste Qualit\u00e4tsanspr\u00fcche.Unsere Produkte prompt ab Lager!\u00a0Seit\u00a0\u00fcber 55 Jahren bedienen wir unsere Kunden in der Schreibger\u00e4teindustrie weltweit. Wir sind Spezialisten f\u00fcr\u00a0die Zulieferung von Minenrohren und passenden Stopfen und produzieren nach internationalem Standard. Dadurch garantieren wir Ihnen h\u00f6chste Qualit\u00e4t und Verf\u00fcgbarkeit &#8211; jederzeit.G2 \u2013 Kunststoff- MinenrohreNeu: aus 95% Recyclingmaterial Weitere Farben: wei\u00df, schwarz, transparent [&hellip;]<\/p>\n","protected":false},"author":5,"featured_media":0,"parent":0,"menu_order":0,"comment_status":"closed","ping_status":"closed","template":"","meta":{"_et_pb_use_builder":"on","_et_pb_old_content":"<!-- wp:divi\/placeholder \/-->","_et_gb_content_width":"","iawp_total_views":793,"footnotes":""},"class_list":["post-142","page","type-page","status-publish","hentry"],"_links":{"self":[{"href":"https:\/\/www.lambrecht-vs.de\/en\/wp-json\/wp\/v2\/pages\/142","targetHints":{"allow":["GET"]}}],"collection":[{"href":"https:\/\/www.lambrecht-vs.de\/en\/wp-json\/wp\/v2\/pages"}],"about":[{"href":"https:\/\/www.lambrecht-vs.de\/en\/wp-json\/wp\/v2\/types\/page"}],"author":[{"embeddable":true,"href":"https:\/\/www.lambrecht-vs.de\/en\/wp-json\/wp\/v2\/users\/5"}],"replies":[{"embeddable":true,"href":"https:\/\/www.lambrecht-vs.de\/en\/wp-json\/wp\/v2\/comments?post=142"}],"version-history":[{"count":5,"href":"https:\/\/www.lambrecht-vs.de\/en\/wp-json\/wp\/v2\/pages\/142\/revisions"}],"predecessor-version":[{"id":2768,"href":"https:\/\/www.lambrecht-vs.de\/en\/wp-json\/wp\/v2\/pages\/142\/revisions\/2768"}],"wp:attachment":[{"href":"https:\/\/www.lambrecht-vs.de\/en\/wp-json\/wp\/v2\/media?parent=142"}],"curies":[{"name":"wp","href":"https:\/\/api.w.org\/{rel}","templated":true}]}}