{"id":2225,"date":"2021-10-21T13:45:02","date_gmt":"2021-10-21T11:45:02","guid":{"rendered":"https:\/\/www.lambrecht-vs.de\/?page_id=2225"},"modified":"2024-10-23T20:18:43","modified_gmt":"2024-10-23T18:18:43","slug":"job-adverts","status":"publish","type":"page","link":"https:\/\/www.lambrecht-vs.de\/en\/stellenanzeigen\/","title":{"rendered":"Job adverts"},"content":{"rendered":"<p>[et_pb_section fb_built=&#8220;1&#8243; fullwidth=&#8220;on&#8220; _builder_version=&#8220;4.16&#8243; background_enable_image=&#8220;off&#8220; global_colors_info=&#8220;{}&#8220;][et_pb_fullwidth_header title=&#8220;Stellenanzeigen&#8220; background_overlay_color=&#8220;rgba(46,65,111,0.64)&#8220; _builder_version=&#8220;4.16&#8243; title_text_align=&#8220;left&#8220; title_font_size=&#8220;77px&#8220; background_image=&#8220;https:\/\/www.lambrecht-vs.de\/wp-content\/uploads\/2020\/01\/Haeder-scaled.jpg&#8220; custom_padding=&#8220;160px||160px||false|false&#8220; title_font_size_tablet=&#8220;&#8220; title_font_size_phone=&#8220;56px&#8220; title_font_size_last_edited=&#8220;on|phone&#8220; global_colors_info=&#8220;{}&#8220;][\/et_pb_fullwidth_header][\/et_pb_section][et_pb_section fb_built=&#8220;1&#8243; _builder_version=&#8220;4.16&#8243; background_color=&#8220;#ededed&#8220; custom_padding=&#8220;7px||12px||false|false&#8220; global_colors_info=&#8220;{}&#8220;][et_pb_row column_structure=&#8220;1_3,2_3&#8243; admin_label=&#8220;About&#8220; _builder_version=&#8220;4.16&#8243; background_size=&#8220;initial&#8220; background_position=&#8220;top_left&#8220; background_repeat=&#8220;repeat&#8220; use_custom_width=&#8220;on&#8220; custom_width_px=&#8220;900px&#8220; global_colors_info=&#8220;{}&#8220;][et_pb_column type=&#8220;1_3&#8243; _builder_version=&#8220;4.16&#8243; custom_padding=&#8220;|||&#8220; global_colors_info=&#8220;{}&#8220; custom_padding__hover=&#8220;|||&#8220;][et_pb_text admin_label=&#8220;About Section Title&#8220; _builder_version=&#8220;4.16&#8243; text_text_color=&#8220;#2e416f&#8220; text_font_size=&#8220;24px&#8220; text_line_height=&#8220;1.2em&#8220; header_font_size=&#8220;60px&#8220; background_size=&#8220;initial&#8220; background_position=&#8220;top_left&#8220; background_repeat=&#8220;repeat&#8220; global_colors_info=&#8220;{}&#8220;]<\/p>\n<p>Lambrecht steht f\u00fcr h\u00f6chste Qualit\u00e4tsanspr\u00fcche.<\/p>\n<p>[\/et_pb_text][\/et_pb_column][et_pb_column type=&#8220;2_3&#8243; _builder_version=&#8220;4.16&#8243; custom_padding=&#8220;|||&#8220; global_colors_info=&#8220;{}&#8220; custom_padding__hover=&#8220;|||&#8220;][et_pb_text admin_label=&#8220;About Section Text&#8220; _builder_version=&#8220;4.16&#8243; text_font=&#8220;||||||||&#8220; text_font_size=&#8220;16px&#8220; text_line_height=&#8220;1.9em&#8220; background_size=&#8220;initial&#8220; background_position=&#8220;top_left&#8220; background_repeat=&#8220;repeat&#8220; global_colors_info=&#8220;{}&#8220;]<\/p>\n<p>Seit \u00fcber 55 Jahren steht das Familienunternehmen Lambrecht f\u00fcr Qualit\u00e4t und Zuverl\u00e4ssigkeit in den Bereichen Kunststoff- Spritzguss und Formenbau f\u00fcr die Schreibger\u00e4te- Industrie sowie f\u00fcr technische Formteile und Baugruppen f\u00fcr unsere Kunden aus den Bereichen Konsum-, Automobilindustrie, Labor- und Analysetechnik, Automatisierung, Identifikation- und Zugangstechnik.<\/p>\n<p>[\/et_pb_text][\/et_pb_column][\/et_pb_row][\/et_pb_section][et_pb_section fb_built=&#8220;1&#8243; disabled_on=&#8220;on|on|on&#8220; admin_label=&#8220;Services&#8220; _builder_version=&#8220;4.16&#8243; custom_padding=&#8220;80px||80px|||&#8220; disabled=&#8220;on&#8220; global_colors_info=&#8220;{}&#8220;][et_pb_row _builder_version=&#8220;4.16&#8243; _module_preset=&#8220;default&#8220; global_colors_info=&#8220;{}&#8220;][et_pb_column type=&#8220;4_4&#8243; _builder_version=&#8220;4.16&#8243; _module_preset=&#8220;default&#8220; global_colors_info=&#8220;{}&#8220;][et_pb_text _builder_version=&#8220;4.16.0&#8243; _module_preset=&#8220;default&#8220; header_2_font_size=&#8220;36px&#8220; header_2_font_size_tablet=&#8220;34px&#8220; header_2_font_size_phone=&#8220;26px&#8220; header_2_font_size_last_edited=&#8220;on|phone&#8220; global_colors_info=&#8220;{}&#8220;]<\/p>\n<h2>F\u00fcr unser Spritzguss-Team<\/h2>\n<p>[\/et_pb_text][\/et_pb_column][\/et_pb_row][et_pb_row column_structure=&#8220;1_4,3_4&#8243; _builder_version=&#8220;4.16&#8243; global_colors_info=&#8220;{}&#8220;][et_pb_column type=&#8220;1_4&#8243; _builder_version=&#8220;4.16&#8243; global_colors_info=&#8220;{}&#8220;][et_pb_image src=&#8220;https:\/\/www.lambrecht-vs.de\/wp-content\/uploads\/2019\/11\/DSC06276-1024&#215;681.jpg&#8220; title_text=&#8220;DSC06276&#8243; _builder_version=&#8220;4.16&#8243; _module_preset=&#8220;default&#8220; global_colors_info=&#8220;{}&#8220;][\/et_pb_image][\/et_pb_column][et_pb_column type=&#8220;3_4&#8243; _builder_version=&#8220;4.16&#8243; global_colors_info=&#8220;{}&#8220;][et_pb_text _builder_version=&#8220;4.25.1&#8243; custom_margin=&#8220;||10px|||&#8220; global_module=&#8220;2498&#8243; saved_tabs=&#8220;all&#8220; global_colors_info=&#8220;{}&#8220;]<\/p>\n<h3>Produktionshilfe (m\/w\/d)<\/h3>\n<ul>\n<li>Verpacken und Kommissionieren von Kunststoffprodukten<\/li>\n<li>Einlegen von Teilen zum Umspritzen an Spritzgie\u00df- Maschinen<\/li>\n<li>Hand- L\u00f6tarbeiten (Leiterplatten + Kontakte)<\/li>\n<li>Vergie\u00dfen von Elektronik von Hand und mittels Verguss- Anlage<\/li>\n<li>Montage von Baugruppen an Handarbeitspl\u00e4tzen<\/li>\n<\/ul>\n<p>[\/et_pb_text][et_pb_text _builder_version=&#8220;4.16&#8243; text_font=&#8220;|800|||||||&#8220; text_text_color=&#8220;#ec5d1c&#8220; global_colors_info=&#8220;{}&#8220;]<\/p>\n<p>Erforderliche Fertigkeiten und Kenntnisse:<\/p>\n<p>[\/et_pb_text][et_pb_text _builder_version=&#8220;4.16&#8243; custom_margin=&#8220;-19px|||||&#8220; global_module=&#8220;2499&#8243; saved_tabs=&#8220;all&#8220; global_colors_info=&#8220;{}&#8220;]<\/p>\n<p>Erfahrung ist hilfreich, eine abgeschlossene Berufsausbildung nicht notwendig, daf\u00fcr jedoch Ausdauer, Fingerfertigkeit, allgemeine k\u00f6rperliche Fitness und besonders gutes Seh- und Stehverm\u00f6gen.<\/p>\n<p><strong>Tel.: 07721-62485<\/strong><\/p>\n<p>[\/et_pb_text][et_pb_button button_url=&#8220;mailto:info@lambrecht-vs.de&#8220; button_text=&#8220;Bewerbung senden&#8220; button_alignment=&#8220;left&#8220; _builder_version=&#8220;4.16&#8243; custom_button=&#8220;on&#8220; button_text_size=&#8220;16px&#8220; button_text_color=&#8220;#ffffff&#8220; button_bg_color=&#8220;#ec5d1c&#8220; button_border_width=&#8220;2px&#8220; button_border_color=&#8220;#ec5d1c&#8220; button_border_radius=&#8220;100px&#8220; button_letter_spacing=&#8220;2&#8243; button_use_icon=&#8220;off&#8220; custom_margin=&#8220;2px|||||&#8220; global_colors_info=&#8220;{}&#8220; button_text_color__hover=&#8220;#ededed&#8220; button_text_color__hover_enabled=&#8220;on|hover&#8220; button_bg_color__hover=&#8220;#6d93d5&#8243; button_bg_color__hover_enabled=&#8220;on&#8220; button_border_color__hover=&#8220;#6d93d5&#8243; button_border_color__hover_enabled=&#8220;on&#8220; button_letter_spacing__hover=&#8220;2&#8243; button_letter_spacing__hover_enabled=&#8220;on&#8220;][\/et_pb_button][\/et_pb_column][\/et_pb_row][et_pb_row column_structure=&#8220;1_4,3_4&#8243; _builder_version=&#8220;4.16&#8243; global_colors_info=&#8220;{}&#8220;][et_pb_column type=&#8220;1_4&#8243; _builder_version=&#8220;4.16&#8243; global_colors_info=&#8220;{}&#8220;][et_pb_image src=&#8220;https:\/\/www.lambrecht-vs.de\/wp-content\/uploads\/2019\/11\/DSC06377-1.jpg&#8220; title_text=&#8220;DSC06377&#8243; _builder_version=&#8220;4.16&#8243; _module_preset=&#8220;default&#8220; global_colors_info=&#8220;{}&#8220;][\/et_pb_image][\/et_pb_column][et_pb_column type=&#8220;3_4&#8243; _builder_version=&#8220;4.16&#8243; global_colors_info=&#8220;{}&#8220;][et_pb_text _builder_version=&#8220;4.16&#8243; custom_margin=&#8220;||10px|||&#8220; global_colors_info=&#8220;{}&#8220;]<\/p>\n<h3>Helfer f\u00fcr unseren Maschinen-Einrichter (m\/w\/d)<\/h3>\n<p><strong>Sie unterst\u00fctzen unser Einrichter- Personal bei allen T\u00e4tigkeiten in folgenden Bereichen:<\/strong><\/p>\n<ul>\n<li>Auf- und Abr\u00fcsten von Spritzgie\u00df- Werkzeugen und Peripherie- Ger\u00e4ten wie Granulat- F\u00f6rder-, Einf\u00e4rbe und Trockentechnik, Handhabungssystemen (pneumatisch, Servo- elektrisch, 6-Achs- Robotik), Temperier- Technik, Regranulier- M\u00fchlen an ARBURG- Spritzgie\u00dfmaschinen bis 150 Tonnen Schlie\u00dfkraft<\/li>\n<li>\u00dcberwachung der Qualit\u00e4t und Optimieren von Spritzgie\u00dfprozessen in der laufenden Fertigung (Serienbetreuung).<\/li>\n<li>Instandhaltungs- und Reinigungsarbeiten an allen technischen Maschinen und Ger\u00e4ten<\/li>\n<li>Laden, Einrichten und Verwalten von Maschinenprogrammen und Rezepturen (PC- Kenntnisse)<\/li>\n<\/ul>\n<p>[\/et_pb_text][et_pb_text _builder_version=&#8220;4.16&#8243; text_font=&#8220;|800|||||||&#8220; text_text_color=&#8220;#ec5d1c&#8220; global_colors_info=&#8220;{}&#8220;]<\/p>\n<p>Erforderliche Fertigkeiten und Kenntnisse:<\/p>\n<p>[\/et_pb_text][et_pb_text _builder_version=&#8220;4.25.1&#8243; custom_margin=&#8220;-19px|||||&#8220; global_module=&#8220;2501&#8243; saved_tabs=&#8220;all&#8220; global_colors_info=&#8220;{}&#8220;]<\/p>\n<ul>\n<li>Sie arbeiten in einer von technischen Ger\u00e4ten und Maschinen, aber auch Materialwissenschaft (Kunststoff und Stahl) beherrschten Umgebung<\/li>\n<li>Daher sind Interesse, Erfahrung und Geschick in technischen Gebieten grunds\u00e4tzlich erforderlich. Wir arbeiten mit Pneumatik, Hydraulik, Elektrik, Elektronik, Anlagentechnik<\/li>\n<li>Eine abgeschlossene Berufsausbildung ist nicht zwingend notwendig, denn Sie sind zun\u00e4chst als Helfer*in unter Anleitung; alles ist erlernbar!<\/li>\n<li>K\u00f6rperliche Belastbarkeit und Ausdauer beim Arbeiten in Maschinenn\u00e4he und -W\u00e4rme sind f\u00fcr Sie kein Problem, im Gegenteil: Sie m\u00fcssen es m\u00f6gen! Ihr Antrieb ist Ihr Interesse an der effizienten L\u00f6sung allt\u00e4glich auftretender technischer Herausforderungen<\/li>\n<\/ul>\n<p><strong>Ihre Perspektive:<\/strong> zun\u00e4chst \u201eHelfer*in\u201c und \u00fcber eine Ausbildung oder auf direktem Wege zur (zum) selbstverantwortlichen Einrichter*in in unserer Spritzerei.<\/p>\n<p><strong>Tel.: 07721-62485<\/strong><\/p>\n<p>[\/et_pb_text][et_pb_button button_url=&#8220;mailto:info@lambrecht-vs.de&#8220; button_text=&#8220;Bewerbung senden&#8220; button_alignment=&#8220;left&#8220; _builder_version=&#8220;4.16&#8243; custom_button=&#8220;on&#8220; button_text_size=&#8220;16px&#8220; button_text_color=&#8220;#ffffff&#8220; button_bg_color=&#8220;#ec5d1c&#8220; button_border_width=&#8220;2px&#8220; button_border_color=&#8220;#ec5d1c&#8220; button_border_radius=&#8220;100px&#8220; button_letter_spacing=&#8220;2&#8243; button_use_icon=&#8220;off&#8220; custom_margin=&#8220;2px|||||&#8220; global_colors_info=&#8220;{}&#8220; button_text_color__hover=&#8220;#ededed&#8220; button_text_color__hover_enabled=&#8220;on|hover&#8220; button_bg_color__hover=&#8220;#6d93d5&#8243; button_bg_color__hover_enabled=&#8220;on&#8220; button_border_color__hover=&#8220;#6d93d5&#8243; button_border_color__hover_enabled=&#8220;on&#8220; button_letter_spacing__hover=&#8220;2&#8243; button_letter_spacing__hover_enabled=&#8220;on&#8220;][\/et_pb_button][\/et_pb_column][\/et_pb_row][\/et_pb_section][et_pb_section fb_built=&#8220;1&#8243; admin_label=&#8220;Services&#8220; _builder_version=&#8220;4.16&#8243; background_color=&#8220;#EDEDED&#8220; custom_padding=&#8220;80px||80px|||&#8220; global_colors_info=&#8220;{}&#8220;][et_pb_row _builder_version=&#8220;4.16&#8243; _module_preset=&#8220;default&#8220; global_colors_info=&#8220;{}&#8220;][et_pb_column type=&#8220;4_4&#8243; _builder_version=&#8220;4.16&#8243; _module_preset=&#8220;default&#8220; global_colors_info=&#8220;{}&#8220;][et_pb_text _builder_version=&#8220;4.16&#8243; _module_preset=&#8220;default&#8220; header_2_font_size=&#8220;36px&#8220; header_2_font_size_tablet=&#8220;34px&#8220; header_2_font_size_phone=&#8220;26px&#8220; header_2_font_size_last_edited=&#8220;on|phone&#8220; global_colors_info=&#8220;{}&#8220;]<\/p>\n<h2>F\u00fcr unser Formenbau-Team<\/h2>\n<p>[\/et_pb_text][\/et_pb_column][\/et_pb_row][et_pb_row column_structure=&#8220;1_4,3_4&#8243; _builder_version=&#8220;4.16&#8243; global_colors_info=&#8220;{}&#8220;][et_pb_column type=&#8220;1_4&#8243; _builder_version=&#8220;4.16&#8243; global_colors_info=&#8220;{}&#8220;][et_pb_image src=&#8220;https:\/\/www.lambrecht-vs.de\/wp-content\/uploads\/2020\/01\/Individueller_Formenbau-1024&#215;683.jpg&#8220; title_text=&#8220;SONY DSC&#8220; _builder_version=&#8220;4.16&#8243; _module_preset=&#8220;default&#8220; global_colors_info=&#8220;{}&#8220;][\/et_pb_image][\/et_pb_column][et_pb_column type=&#8220;3_4&#8243; _builder_version=&#8220;4.16&#8243; global_colors_info=&#8220;{}&#8220;][et_pb_text _builder_version=&#8220;4.25.1&#8243; custom_margin=&#8220;||10px|||&#8220; global_module=&#8220;2496&#8243; saved_tabs=&#8220;all&#8220; global_colors_info=&#8220;{}&#8220;]<\/p>\n<h3><b>Werkzeugmacher \/ Formenbauer \/ Feinwerkmechaniker (m\/w\/d)<\/b><\/h3>\n<p style=\"font-weight: 400;\">Als Verst\u00e4rkung f\u00fcr unser Werkzeugbau-Team, suchen wir einen Mitarbeiter mit Berufserfahrung im Spritzguss-Formenbau. Er sollte selbstbewusst, ordentlich und verl\u00e4sslich sein.<\/p>\n<p style=\"font-weight: 400;\">Die Aufgaben bestehen darin Fr\u00e4s-, Dreh-, Schleif- und Erodiermaschinen zu bedienen und gemeinsam mit dem Team Projekte zu realisieren.<\/p>\n<p style=\"font-weight: 400;\">Es erwartet Sie eine aufgeschlossene Arbeitsatmosph\u00e4re mit netten Kollegen und die M\u00f6glichkeit, sich individuell innerhalb des Unternehmens und pers\u00f6nlich durch Schulungs- und Fortbildungsma\u00dfnahmen weiterzuentwickeln.<\/p>\n<p>[\/et_pb_text][et_pb_text _builder_version=&#8220;4.25.1&#8243; text_font=&#8220;|800|||||||&#8220; text_text_color=&#8220;#ec5d1c&#8220; global_colors_info=&#8220;{}&#8220;]<\/p>\n<p>Erforderliche Fertigkeiten und Kenntnisse:<\/p>\n<p>[\/et_pb_text][et_pb_text _builder_version=&#8220;4.16&#8243; custom_margin=&#8220;-19px|||||&#8220; global_colors_info=&#8220;{}&#8220;]<\/p>\n<ul>\n<li>abgeschlossene Berufsausbildung zum Feinwerkmechaniker oder \u00e4hnlich<\/li>\n<li>vorhandene Erfahrung im Beruf des Feinwerkmechanikers (Formenbau) und speziell in der Senkerosion<\/li>\n<li>F\u00e4higkeit und Wille zur Selbstorganisation<\/li>\n<\/ul>\n<p><strong>Ihre Perspektive:<\/strong> selbstst\u00e4ndiges Arbeiten im kleinen Team und in angenehmer Umgebung<\/p>\n<p><strong>Tel.: 07721-62485<\/strong><\/p>\n<p>[\/et_pb_text][et_pb_button button_url=&#8220;mailto:info@lambrecht-vs.de&#8220; button_text=&#8220;Bewerbung senden&#8220; button_alignment=&#8220;left&#8220; _builder_version=&#8220;4.16&#8243; custom_button=&#8220;on&#8220; button_text_size=&#8220;16px&#8220; button_text_color=&#8220;#ffffff&#8220; button_bg_color=&#8220;#ec5d1c&#8220; button_border_width=&#8220;2px&#8220; button_border_color=&#8220;#ec5d1c&#8220; button_border_radius=&#8220;100px&#8220; button_letter_spacing=&#8220;2&#8243; button_use_icon=&#8220;off&#8220; custom_margin=&#8220;2px|||||&#8220; global_colors_info=&#8220;{}&#8220; button_text_color__hover=&#8220;#ededed&#8220; button_text_color__hover_enabled=&#8220;on|hover&#8220; button_bg_color__hover=&#8220;#6d93d5&#8243; button_bg_color__hover_enabled=&#8220;on&#8220; button_border_color__hover=&#8220;#6d93d5&#8243; button_border_color__hover_enabled=&#8220;on&#8220; button_letter_spacing__hover=&#8220;2&#8243; button_letter_spacing__hover_enabled=&#8220;on&#8220;][\/et_pb_button][\/et_pb_column][\/et_pb_row][et_pb_row column_structure=&#8220;1_4,3_4&#8243; _builder_version=&#8220;4.16&#8243; global_colors_info=&#8220;{}&#8220;][et_pb_column type=&#8220;1_4&#8243; _builder_version=&#8220;4.16&#8243; global_colors_info=&#8220;{}&#8220;][et_pb_image src=&#8220;https:\/\/www.lambrecht-vs.de\/wp-content\/uploads\/2019\/11\/DSC_0105-1024&#215;679.jpg&#8220; title_text=&#8220;DSC_0105&#8243; _builder_version=&#8220;4.16&#8243; _module_preset=&#8220;default&#8220; global_colors_info=&#8220;{}&#8220;][\/et_pb_image][\/et_pb_column][et_pb_column type=&#8220;3_4&#8243; _builder_version=&#8220;4.16&#8243; global_colors_info=&#8220;{}&#8220;][et_pb_text _builder_version=&#8220;4.25.1&#8243; custom_margin=&#8220;||10px|||&#8220; global_colors_info=&#8220;{}&#8220;]<\/p>\n<h3>Azubi Fachrichtung Feinwerk-Mechaniker (m\/w\/d)<\/h3>\n<p>In unserem Werkzeugbau- Team erlernen Sie schnell alle wichtigen Bearbeitungsverfahren und -Schritte<br \/>zur Herstellung und Instandhaltung unserer Spritzgie\u00dfformen.<br \/>Sie erleben die \u201eGeburt\u201c eines Kunststoff- Teils von Ihrer ersten Ideen- Skizze am Schreibtisch \u00fcber die Werkzeugfertigung bis zum \u201eMusterschuss\u201c an der Spritzgie\u00dfmaschine.<\/p>\n<p>Lassen Sie mit uns die \u201eSp\u00e4ne fliegen\u201c!<\/p>\n<p>[\/et_pb_text][et_pb_text _builder_version=&#8220;4.16&#8243; text_font=&#8220;|800|||||||&#8220; text_text_color=&#8220;#ec5d1c&#8220; custom_margin=&#8220;||7px|||&#8220; global_colors_info=&#8220;{}&#8220;]<\/p>\n<p>Erforderliche Fertigkeiten und Kenntnisse:<\/p>\n<p>[\/et_pb_text][et_pb_text _builder_version=&#8220;4.16&#8243; custom_margin=&#8220;||10px|||&#8220; global_colors_info=&#8220;{}&#8220;]<\/p>\n<ul>\n<li>mittlere Reife<\/li>\n<li>technisches Geschick, Interesse und Kreativit\u00e4t<br \/>gutes r\u00e4umliches Vorstellungsverm\u00f6gen<\/li>\n<\/ul>\n<p><strong>Ihre Perspektive:<\/strong> eine Karriere in unserem Werkzeugbau<\/p>\n<p><strong>Tel.: 07721-62485<\/strong><\/p>\n<p>[\/et_pb_text][et_pb_button button_url=&#8220;mailto:info@lambrecht-vs.de&#8220; button_text=&#8220;Bewerbung senden&#8220; button_alignment=&#8220;left&#8220; _builder_version=&#8220;4.16&#8243; custom_button=&#8220;on&#8220; button_text_size=&#8220;16px&#8220; button_text_color=&#8220;#ffffff&#8220; button_bg_color=&#8220;#ec5d1c&#8220; button_border_width=&#8220;2px&#8220; button_border_color=&#8220;#ec5d1c&#8220; button_border_radius=&#8220;100px&#8220; button_letter_spacing=&#8220;2&#8243; button_use_icon=&#8220;off&#8220; custom_margin=&#8220;2px|||||&#8220; global_colors_info=&#8220;{}&#8220; button_text_color__hover=&#8220;#ededed&#8220; button_text_color__hover_enabled=&#8220;on|hover&#8220; button_bg_color__hover=&#8220;#6d93d5&#8243; button_bg_color__hover_enabled=&#8220;on&#8220; button_border_color__hover=&#8220;#6d93d5&#8243; button_border_color__hover_enabled=&#8220;on&#8220; button_letter_spacing__hover=&#8220;2&#8243; button_letter_spacing__hover_enabled=&#8220;on&#8220;][\/et_pb_button][\/et_pb_column][\/et_pb_row][\/et_pb_section]<\/p>\n","protected":false},"excerpt":{"rendered":"<p>Lambrecht steht f\u00fcr h\u00f6chste Qualit\u00e4tsanspr\u00fcche.Seit \u00fcber 55 Jahren steht das Familienunternehmen Lambrecht f\u00fcr Qualit\u00e4t und Zuverl\u00e4ssigkeit in den Bereichen Kunststoff- Spritzguss und Formenbau f\u00fcr die Schreibger\u00e4te- Industrie sowie f\u00fcr technische Formteile und Baugruppen f\u00fcr unsere Kunden aus den Bereichen Konsum-, Automobilindustrie, Labor- und Analysetechnik, Automatisierung, Identifikation- und Zugangstechnik.F\u00fcr unser Spritzguss-TeamProduktionshilfe (m\/w\/d) Verpacken und Kommissionieren von [&hellip;]<\/p>\n","protected":false},"author":5,"featured_media":0,"parent":0,"menu_order":0,"comment_status":"closed","ping_status":"closed","template":"","meta":{"_et_pb_use_builder":"on","_et_pb_old_content":"","_et_gb_content_width":"","iawp_total_views":1351,"footnotes":""},"class_list":["post-2225","page","type-page","status-publish","hentry"],"_links":{"self":[{"href":"https:\/\/www.lambrecht-vs.de\/en\/wp-json\/wp\/v2\/pages\/2225","targetHints":{"allow":["GET"]}}],"collection":[{"href":"https:\/\/www.lambrecht-vs.de\/en\/wp-json\/wp\/v2\/pages"}],"about":[{"href":"https:\/\/www.lambrecht-vs.de\/en\/wp-json\/wp\/v2\/types\/page"}],"author":[{"embeddable":true,"href":"https:\/\/www.lambrecht-vs.de\/en\/wp-json\/wp\/v2\/users\/5"}],"replies":[{"embeddable":true,"href":"https:\/\/www.lambrecht-vs.de\/en\/wp-json\/wp\/v2\/comments?post=2225"}],"version-history":[{"count":5,"href":"https:\/\/www.lambrecht-vs.de\/en\/wp-json\/wp\/v2\/pages\/2225\/revisions"}],"predecessor-version":[{"id":2524,"href":"https:\/\/www.lambrecht-vs.de\/en\/wp-json\/wp\/v2\/pages\/2225\/revisions\/2524"}],"wp:attachment":[{"href":"https:\/\/www.lambrecht-vs.de\/en\/wp-json\/wp\/v2\/media?parent=2225"}],"curies":[{"name":"wp","href":"https:\/\/api.w.org\/{rel}","templated":true}]}}